{"id":549,"date":"2016-10-20T17:05:04","date_gmt":"2016-10-20T15:05:04","guid":{"rendered":"http:\/\/www.prometeo.asso.fr\/?page_id=549"},"modified":"2024-09-17T20:21:42","modified_gmt":"2024-09-17T18:21:42","slug":"meteorologie-hydrologie-environnement","status":"publish","type":"page","link":"https:\/\/www.prometeo.asso.fr\/es\/","title":{"rendered":"Meteorolog\u00eda, Hidrolog\u00eda, Medio Ambiente"},"content":{"rendered":"\t\t<div data-elementor-type=\"wp-page\" data-elementor-id=\"549\" class=\"elementor elementor-549 elementor-833\">\n\t\t\t\t\t\t<section class=\"elementor-section elementor-top-section elementor-element elementor-element-739228e elementor-section-boxed elementor-section-height-default elementor-section-height-default parallax_section_no qode_elementor_container_no\" data-id=\"739228e\" data-element_type=\"section\">\n\t\t\t\t\t\t<div class=\"elementor-container elementor-column-gap-default\">\n\t\t\t\t\t<div class=\"elementor-column elementor-col-100 elementor-top-column elementor-element elementor-element-8f6eb59\" data-id=\"8f6eb59\" data-element_type=\"column\">\n\t\t\t<div class=\"elementor-widget-wrap elementor-element-populated\">\n\t\t\t\t\t\t<div class=\"elementor-element elementor-element-175ab6a elementor-widget elementor-widget-heading\" data-id=\"175ab6a\" data-element_type=\"widget\" data-widget_type=\"heading.default\">\n\t\t\t\t<div class=\"elementor-widget-container\">\n\t\t\t\t\t<h1 class=\"elementor-heading-title elementor-size-default\">Meteorolog\u00eda, Hidrolog\u00eda, Medio Ambienter<\/h1>\t\t\t\t<\/div>\n\t\t\t\t<\/div>\n\t\t\t\t\t<\/div>\n\t\t<\/div>\n\t\t\t\t\t<\/div>\n\t\t<\/section>\n\t\t\t\t<section class=\"elementor-section elementor-top-section elementor-element elementor-element-7d54052 elementor-section-boxed elementor-section-height-default elementor-section-height-default parallax_section_no qode_elementor_container_no\" data-id=\"7d54052\" data-element_type=\"section\">\n\t\t\t\t\t\t<div class=\"elementor-container elementor-column-gap-extended\">\n\t\t\t\t\t<div class=\"elementor-column elementor-col-50 elementor-top-column elementor-element elementor-element-61c307c\" data-id=\"61c307c\" data-element_type=\"column\">\n\t\t\t<div class=\"elementor-widget-wrap elementor-element-populated\">\n\t\t\t\t\t\t<div class=\"elementor-element elementor-element-54d6ba1a elementor-widget elementor-widget-image-carousel\" data-id=\"54d6ba1a\" data-element_type=\"widget\" data-settings=\"{&quot;slides_to_show&quot;:&quot;1&quot;,&quot;navigation&quot;:&quot;none&quot;,&quot;autoplay_speed&quot;:1600,&quot;effect&quot;:&quot;fade&quot;,&quot;autoplay&quot;:&quot;yes&quot;,&quot;pause_on_hover&quot;:&quot;yes&quot;,&quot;pause_on_interaction&quot;:&quot;yes&quot;,&quot;infinite&quot;:&quot;yes&quot;,&quot;speed&quot;:500}\" data-widget_type=\"image-carousel.default\">\n\t\t\t\t<div class=\"elementor-widget-container\">\n\t\t\t\t\t\t\t<div class=\"elementor-image-carousel-wrapper swiper\" role=\"region\" aria-roledescription=\"carousel\" aria-label=\"Carrusel de im\u00e1genes\" dir=\"ltr\">\n\t\t\t<div class=\"elementor-image-carousel swiper-wrapper\" aria-live=\"off\">\n\t\t\t\t\t\t\t\t<div class=\"swiper-slide\" role=\"group\" aria-roledescription=\"slide\" aria-label=\"1 de 20\"><figure class=\"swiper-slide-inner\"><img decoding=\"async\" class=\"swiper-slide-image\" src=\"https:\/\/www.prometeo.asso.fr\/wp-content\/uploads\/2024\/09\/Capture-decran-2024-09-17-a-18.08.55-4.png\" alt=\"Capture d\u2019e\u0301cran 2024-09-17 a\u0300 18.08.55\" \/><\/figure><\/div><div class=\"swiper-slide\" role=\"group\" aria-roledescription=\"slide\" aria-label=\"2 de 20\"><figure class=\"swiper-slide-inner\"><img decoding=\"async\" class=\"swiper-slide-image\" src=\"https:\/\/www.prometeo.asso.fr\/wp-content\/uploads\/2022\/06\/Capture-du2019e\u0301cran-2022-04-08-a\u0300-14.08.47.jpg\" alt=\"Capture-du2019e\u0301cran-2022-04-08-a\u0300-14.08.47\" \/><\/figure><\/div><div class=\"swiper-slide\" role=\"group\" aria-roledescription=\"slide\" aria-label=\"3 de 20\"><figure class=\"swiper-slide-inner\"><img decoding=\"async\" class=\"swiper-slide-image\" src=\"https:\/\/www.prometeo.asso.fr\/wp-content\/uploads\/2022\/06\/Capture-du2019e\u0301cran-2022-04-08-a\u0300-14.11.09.jpg\" alt=\"Capture-du2019e\u0301cran-2022-04-08-a\u0300-14.11.09\" \/><\/figure><\/div><div class=\"swiper-slide\" role=\"group\" aria-roledescription=\"slide\" aria-label=\"4 de 20\"><figure class=\"swiper-slide-inner\"><img decoding=\"async\" class=\"swiper-slide-image\" src=\"https:\/\/www.prometeo.asso.fr\/wp-content\/uploads\/2022\/06\/Capture-du2019e\u0301cran-2022-04-08-a\u0300-14.17.04.jpg\" alt=\"Capture-du2019e\u0301cran-2022-04-08-a\u0300-14.17.04\" \/><\/figure><\/div><div class=\"swiper-slide\" role=\"group\" aria-roledescription=\"slide\" aria-label=\"5 de 20\"><figure class=\"swiper-slide-inner\"><img decoding=\"async\" class=\"swiper-slide-image\" src=\"https:\/\/www.prometeo.asso.fr\/wp-content\/uploads\/2022\/04\/SAGIM-GIP-Prometeo.jpg\" alt=\"SAGIM-GIP-Prometeo\" \/><\/figure><\/div><div class=\"swiper-slide\" role=\"group\" aria-roledescription=\"slide\" aria-label=\"6 de 20\"><figure class=\"swiper-slide-inner\"><img decoding=\"async\" class=\"swiper-slide-image\" src=\"https:\/\/www.prometeo.asso.fr\/wp-content\/uploads\/2022\/06\/Capture-du2019e\u0301cran-2022-04-08-a\u0300-14.34.11.jpg\" alt=\"Capture-du2019e\u0301cran-2022-04-08-a\u0300-14.34.11\" \/><\/figure><\/div><div class=\"swiper-slide\" role=\"group\" aria-roledescription=\"slide\" aria-label=\"7 de 20\"><figure class=\"swiper-slide-inner\"><img decoding=\"async\" class=\"swiper-slide-image\" src=\"https:\/\/www.prometeo.asso.fr\/wp-content\/uploads\/2022\/02\/slide-1.jpeg\" alt=\"slide-1\" \/><\/figure><\/div><div class=\"swiper-slide\" role=\"group\" aria-roledescription=\"slide\" aria-label=\"8 de 20\"><figure class=\"swiper-slide-inner\"><img decoding=\"async\" class=\"swiper-slide-image\" src=\"https:\/\/www.prometeo.asso.fr\/wp-content\/uploads\/2022\/06\/Capture-du2019e\u0301cran-2022-04-08-a\u0300-14.19.32.jpg\" alt=\"Capture-du2019e\u0301cran-2022-04-08-a\u0300-14.19.32\" \/><\/figure><\/div><div class=\"swiper-slide\" role=\"group\" aria-roledescription=\"slide\" aria-label=\"9 de 20\"><figure class=\"swiper-slide-inner\"><img decoding=\"async\" class=\"swiper-slide-image\" src=\"https:\/\/www.prometeo.asso.fr\/wp-content\/uploads\/2022\/02\/slide-2.jpeg\" alt=\"slide-2\" \/><\/figure><\/div><div class=\"swiper-slide\" role=\"group\" aria-roledescription=\"slide\" aria-label=\"10 de 20\"><figure class=\"swiper-slide-inner\"><img decoding=\"async\" class=\"swiper-slide-image\" src=\"https:\/\/www.prometeo.asso.fr\/wp-content\/uploads\/2022\/06\/Capture-du2019e\u0301cran-2022-04-22-a\u0300-10.29.22.jpg\" alt=\"Capture-du2019e\u0301cran-2022-04-22-a\u0300-10.29.22\" \/><\/figure><\/div><div class=\"swiper-slide\" role=\"group\" aria-roledescription=\"slide\" aria-label=\"11 de 20\"><figure class=\"swiper-slide-inner\"><img decoding=\"async\" class=\"swiper-slide-image\" src=\"https:\/\/www.prometeo.asso.fr\/wp-content\/uploads\/2022\/02\/slide-4.jpeg\" alt=\"slide-4\" \/><\/figure><\/div><div class=\"swiper-slide\" role=\"group\" aria-roledescription=\"slide\" aria-label=\"12 de 20\"><figure class=\"swiper-slide-inner\"><img decoding=\"async\" class=\"swiper-slide-image\" src=\"https:\/\/www.prometeo.asso.fr\/wp-content\/uploads\/2022\/06\/Capture-du2019e\u0301cran-2022-04-22-a\u0300-10.28.52.jpg\" alt=\"Capture-du2019e\u0301cran-2022-04-22-a\u0300-10.28.52\" \/><\/figure><\/div><div class=\"swiper-slide\" role=\"group\" aria-roledescription=\"slide\" aria-label=\"13 de 20\"><figure class=\"swiper-slide-inner\"><img decoding=\"async\" class=\"swiper-slide-image\" src=\"https:\/\/www.prometeo.asso.fr\/wp-content\/uploads\/2022\/05\/Steadysun-1024x1024.png\" alt=\"Steadysun\" \/><\/figure><\/div><div class=\"swiper-slide\" role=\"group\" aria-roledescription=\"slide\" aria-label=\"14 de 20\"><figure class=\"swiper-slide-inner\"><img decoding=\"async\" class=\"swiper-slide-image\" src=\"https:\/\/www.prometeo.asso.fr\/wp-content\/uploads\/2022\/06\/Capture-de\u0301cran-2022-06-01-a\u0300-14.53.45-1536x1536-1-1024x1024.png\" alt=\"Capture-de\u0301cran-2022-06-01-a\u0300-14.53.45-1536x1536\" \/><\/figure><\/div><div class=\"swiper-slide\" role=\"group\" aria-roledescription=\"slide\" aria-label=\"15 de 20\"><figure class=\"swiper-slide-inner\"><img decoding=\"async\" class=\"swiper-slide-image\" src=\"https:\/\/www.prometeo.asso.fr\/wp-content\/uploads\/2024\/09\/Capture-decran-2024-09-17-a-18.42.41-3.png\" alt=\"Capture d\u2019e\u0301cran 2024-09-17 a\u0300 18.42.41\" \/><\/figure><\/div><div class=\"swiper-slide\" role=\"group\" aria-roledescription=\"slide\" aria-label=\"16 de 20\"><figure class=\"swiper-slide-inner\"><img decoding=\"async\" class=\"swiper-slide-image\" src=\"https:\/\/www.prometeo.asso.fr\/wp-content\/uploads\/2024\/09\/Capture-decran-2024-09-17-a-18.34.23-3.png\" alt=\"Capture d\u2019e\u0301cran 2024-09-17 a\u0300 18.34.23\" \/><\/figure><\/div><div class=\"swiper-slide\" role=\"group\" aria-roledescription=\"slide\" aria-label=\"17 de 20\"><figure class=\"swiper-slide-inner\"><img decoding=\"async\" class=\"swiper-slide-image\" src=\"https:\/\/www.prometeo.asso.fr\/wp-content\/uploads\/2024\/09\/Capture-decran-2024-09-17-a-18.20.31-4.png\" alt=\"Capture d\u2019e\u0301cran 2024-09-17 a\u0300 18.20.31\" \/><\/figure><\/div><div class=\"swiper-slide\" role=\"group\" aria-roledescription=\"slide\" aria-label=\"18 de 20\"><figure class=\"swiper-slide-inner\"><img decoding=\"async\" class=\"swiper-slide-image\" src=\"https:\/\/www.prometeo.asso.fr\/wp-content\/uploads\/2024\/09\/Capture-decran-2024-09-17-a-18.08.40-5.png\" alt=\"Capture d\u2019e\u0301cran 2024-09-17 a\u0300 18.08.40\" \/><\/figure><\/div><div class=\"swiper-slide\" role=\"group\" aria-roledescription=\"slide\" aria-label=\"19 de 20\"><figure class=\"swiper-slide-inner\"><img decoding=\"async\" class=\"swiper-slide-image\" src=\"https:\/\/www.prometeo.asso.fr\/wp-content\/uploads\/2024\/09\/Capture-decran-2024-09-17-a-18.44.40-3.png\" alt=\"Capture d\u2019e\u0301cran 2024-09-17 a\u0300 18.44.40\" \/><\/figure><\/div><div class=\"swiper-slide\" role=\"group\" aria-roledescription=\"slide\" aria-label=\"20 de 20\"><figure class=\"swiper-slide-inner\"><img decoding=\"async\" class=\"swiper-slide-image\" src=\"https:\/\/www.prometeo.asso.fr\/wp-content\/uploads\/2024\/09\/Capture-decran-2024-09-17-a-18.49.09-3.png\" alt=\"Capture d\u2019e\u0301cran 2024-09-17 a\u0300 18.49.09\" \/><\/figure><\/div>\t\t\t<\/div>\n\t\t\t\t\t\t\t\n\t\t\t\t\t\t\t\t\t<\/div>\n\t\t\t\t\t\t<\/div>\n\t\t\t\t<\/div>\n\t\t\t\t\t<\/div>\n\t\t<\/div>\n\t\t\t\t<div class=\"elementor-column elementor-col-50 elementor-top-column elementor-element elementor-element-f4d3c9d\" data-id=\"f4d3c9d\" data-element_type=\"column\">\n\t\t\t<div class=\"elementor-widget-wrap elementor-element-populated\">\n\t\t\t\t\t\t<section class=\"elementor-section elementor-inner-section elementor-element elementor-element-2551e33 elementor-section-boxed elementor-section-height-default elementor-section-height-default parallax_section_no qode_elementor_container_no\" data-id=\"2551e33\" data-element_type=\"section\" id=\"access\">\n\t\t\t\t\t\t<div class=\"elementor-container elementor-column-gap-default\">\n\t\t\t\t\t<div class=\"elementor-column elementor-col-50 elementor-inner-column elementor-element elementor-element-bac295b presentation\" data-id=\"bac295b\" data-element_type=\"column\">\n\t\t\t<div class=\"elementor-widget-wrap elementor-element-populated\">\n\t\t\t\t\t\t<div class=\"elementor-element elementor-element-e0ed6d8 elementor-widget elementor-widget-text-editor\" data-id=\"e0ed6d8\" data-element_type=\"widget\" data-widget_type=\"text-editor.default\">\n\t\t\t\t<div class=\"elementor-widget-container\">\n\t\t\t\t\t\t\t\t\t<a title=\"PRESENTACI\u00d3N\" href=\"https:\/\/prometeo.monserveurtest.fr\/es\/presentacion\/\"><span class=\"bloc\"><span>PRESENTACI\u00d3N<\/span><\/span><\/a>\t\t\t\t\t\t\t\t<\/div>\n\t\t\t\t<\/div>\n\t\t\t\t\t<\/div>\n\t\t<\/div>\n\t\t\t\t<div class=\"elementor-column elementor-col-50 elementor-inner-column elementor-element elementor-element-9cb2760 membres-home\" data-id=\"9cb2760\" data-element_type=\"column\">\n\t\t\t<div class=\"elementor-widget-wrap elementor-element-populated\">\n\t\t\t\t\t\t<div class=\"elementor-element elementor-element-2a7dcc9 elementor-widget elementor-widget-text-editor\" data-id=\"2a7dcc9\" data-element_type=\"widget\" data-widget_type=\"text-editor.default\">\n\t\t\t\t<div class=\"elementor-widget-container\">\n\t\t\t\t\t\t\t\t\t<a title=\"Membres\" href=\"https:\/\/www.prometeo.asso.fr\/es\/miembros\/\"><span class=\"bloc\"><span>MIEMBROS<\/span><\/span><\/a>\t\t\t\t\t\t\t\t<\/div>\n\t\t\t\t<\/div>\n\t\t\t\t\t<\/div>\n\t\t<\/div>\n\t\t\t\t\t<\/div>\n\t\t<\/section>\n\t\t\t\t<section class=\"elementor-section elementor-inner-section elementor-element elementor-element-b5b7805 elementor-section-boxed elementor-section-height-default elementor-section-height-default parallax_section_no qode_elementor_container_no\" data-id=\"b5b7805\" data-element_type=\"section\">\n\t\t\t\t\t\t<div class=\"elementor-container elementor-column-gap-default\">\n\t\t\t\t\t<div class=\"elementor-column elementor-col-50 elementor-inner-column elementor-element elementor-element-100f6c7 actus\" data-id=\"100f6c7\" data-element_type=\"column\">\n\t\t\t<div class=\"elementor-widget-wrap elementor-element-populated\">\n\t\t\t\t\t\t<div class=\"elementor-element elementor-element-498c81d elementor-widget elementor-widget-text-editor\" data-id=\"498c81d\" data-element_type=\"widget\" data-widget_type=\"text-editor.default\">\n\t\t\t\t<div class=\"elementor-widget-container\">\n\t\t\t\t\t\t\t\t\t<a title=\"Noticias\" href=\"https:\/\/www.prometeo.asso.fr\/category\/noticias\/\"><span class=\"bloc\"><span>Noticias<\/span><\/span><\/a>\t\t\t\t\t\t\t\t<\/div>\n\t\t\t\t<\/div>\n\t\t\t\t\t<\/div>\n\t\t<\/div>\n\t\t\t\t<div class=\"elementor-column elementor-col-50 elementor-inner-column elementor-element elementor-element-af2ca3e contact\" data-id=\"af2ca3e\" data-element_type=\"column\">\n\t\t\t<div class=\"elementor-widget-wrap elementor-element-populated\">\n\t\t\t\t\t\t<div class=\"elementor-element elementor-element-785f0b3 elementor-widget elementor-widget-text-editor\" data-id=\"785f0b3\" data-element_type=\"widget\" data-widget_type=\"text-editor.default\">\n\t\t\t\t<div class=\"elementor-widget-container\">\n\t\t\t\t\t\t\t\t\t<a title=\"Contact\" href=\"https:\/\/www.prometeo.asso.fr\/es\/contacto\/\"><span class=\"bloc\"><span>Contact<\/span><\/span><\/a>\t\t\t\t\t\t\t\t<\/div>\n\t\t\t\t<\/div>\n\t\t\t\t\t<\/div>\n\t\t<\/div>\n\t\t\t\t\t<\/div>\n\t\t<\/section>\n\t\t\t\t\t<\/div>\n\t\t<\/div>\n\t\t\t\t\t<\/div>\n\t\t<\/section>\n\t\t\t\t<section class=\"elementor-section elementor-top-section elementor-element elementor-element-254b27a9 elementor-section-boxed elementor-section-height-default elementor-section-height-default parallax_section_no qode_elementor_container_no\" data-id=\"254b27a9\" data-element_type=\"section\">\n\t\t\t\t\t\t<div class=\"elementor-container elementor-column-gap-default\">\n\t\t\t\t\t<div class=\"elementor-column elementor-col-100 elementor-top-column elementor-element elementor-element-66eee632\" data-id=\"66eee632\" data-element_type=\"column\">\n\t\t\t<div class=\"elementor-widget-wrap elementor-element-populated\">\n\t\t\t\t\t\t<div class=\"elementor-element elementor-element-4e84f2cc elementor-widget elementor-widget-text-editor\" data-id=\"4e84f2cc\" data-element_type=\"widget\" data-widget_type=\"text-editor.default\">\n\t\t\t\t<div class=\"elementor-widget-container\">\n\t\t\t\t\t\t\t\t\t<h3 style=\"text-align: center;\"><span style=\"color: #0b3e74;\">\u00a1Conozca nuestras 17 empresas a la vez para descubrir el saber hacer industrial franc\u00e9s en meteorolog\u00eda, hidrolog\u00eda y medio ambiente, con logros en todo el mundo!<\/span><\/h3>\t\t\t\t\t\t\t\t<\/div>\n\t\t\t\t<\/div>\n\t\t\t\t\t<\/div>\n\t\t<\/div>\n\t\t\t\t\t<\/div>\n\t\t<\/section>\n\t\t\t\t<section class=\"elementor-section elementor-top-section elementor-element elementor-element-b28d61a elementor-section-boxed elementor-section-height-default elementor-section-height-default parallax_section_no qode_elementor_container_no\" data-id=\"b28d61a\" data-element_type=\"section\">\n\t\t\t\t\t\t<div class=\"elementor-container elementor-column-gap-default\">\n\t\t\t\t\t<div class=\"elementor-column elementor-col-100 elementor-top-column elementor-element elementor-element-14e3e9b\" data-id=\"14e3e9b\" data-element_type=\"column\">\n\t\t\t<div class=\"elementor-widget-wrap elementor-element-populated\">\n\t\t\t\t\t\t<div class=\"elementor-element elementor-element-04ed0ac elementor-widget elementor-widget-text-editor\" data-id=\"04ed0ac\" data-element_type=\"widget\" data-widget_type=\"text-editor.default\">\n\t\t\t\t<div class=\"elementor-widget-container\">\n\t\t\t\t\t\t\t\t\t<a href=\"https:\/\/www.linkedin.com\/company\/prometeo-association\/?viewAsMember=true\" target=\"_blank\" rel=\"noopener\"><img decoding=\"async\" class=\"wp-image-932 size-full alignright\" src=\"http:\/\/prometeo.monserveurtest.fr\/wp-content\/uploads\/2021\/05\/linkedin-1.png\" alt=\"\" width=\"191\" height=\"\" \/><\/a>\t\t\t\t\t\t\t\t<\/div>\n\t\t\t\t<\/div>\n\t\t\t\t\t<\/div>\n\t\t<\/div>\n\t\t\t\t\t<\/div>\n\t\t<\/section>\n\t\t\t\t<\/div>\n\t\t","protected":false},"excerpt":{"rendered":"<p>Meteorolog\u00eda, Hidrolog\u00eda, Medio Ambienter PRESENTACI\u00d3NMIEMBROSNoticiasContact \u00a1Conozca nuestras 17 empresas a la vez para descubrir el saber hacer industrial franc\u00e9s en meteorolog\u00eda, hidrolog\u00eda y medio ambiente, con logros en todo el mundo!<\/p>\n","protected":false},"author":1,"featured_media":0,"parent":0,"menu_order":0,"comment_status":"closed","ping_status":"closed","template":"","meta":{"_monsterinsights_skip_tracking":false,"_monsterinsights_sitenote_active":false,"_monsterinsights_sitenote_note":"","_monsterinsights_sitenote_category":0,"footnotes":""},"class_list":["post-549","page","type-page","status-publish","hentry"],"_links":{"self":[{"href":"https:\/\/www.prometeo.asso.fr\/es\/wp-json\/wp\/v2\/pages\/549","targetHints":{"allow":["GET"]}}],"collection":[{"href":"https:\/\/www.prometeo.asso.fr\/es\/wp-json\/wp\/v2\/pages"}],"about":[{"href":"https:\/\/www.prometeo.asso.fr\/es\/wp-json\/wp\/v2\/types\/page"}],"author":[{"embeddable":true,"href":"https:\/\/www.prometeo.asso.fr\/es\/wp-json\/wp\/v2\/users\/1"}],"replies":[{"embeddable":true,"href":"https:\/\/www.prometeo.asso.fr\/es\/wp-json\/wp\/v2\/comments?post=549"}],"version-history":[{"count":55,"href":"https:\/\/www.prometeo.asso.fr\/es\/wp-json\/wp\/v2\/pages\/549\/revisions"}],"predecessor-version":[{"id":4502,"href":"https:\/\/www.prometeo.asso.fr\/es\/wp-json\/wp\/v2\/pages\/549\/revisions\/4502"}],"wp:attachment":[{"href":"https:\/\/www.prometeo.asso.fr\/es\/wp-json\/wp\/v2\/media?parent=549"}],"curies":[{"name":"wp","href":"https:\/\/api.w.org\/{rel}","templated":true}]}}